{"id":44,"date":"2026-03-02T09:33:34","date_gmt":"2026-03-02T08:33:34","guid":{"rendered":"https:\/\/site26.monsitecommeunpro.fr\/?page_id=44"},"modified":"2026-03-04T09:32:29","modified_gmt":"2026-03-04T08:32:29","slug":"contact","status":"publish","type":"page","link":"https:\/\/site26.monsitecommeunpro.fr\/?page_id=44","title":{"rendered":"Contact"},"content":{"rendered":"\n<h3 class=\"wp-block-heading\">Une question ? Notre \u00e9quipe vous r\u00e9pond.<\/h3>\n\n\n\n<p>Chez <strong>Place Boots<\/strong>, chaque message compte.<br>Que ce soit pour une question , un conseil taille, un partenariat ou simplement pour nous \u00e9crire, notre \u00e9quipe est \u00e0 votre \u00e9coute.<\/p>\n\n\n\n<p> Si\u00e8ge social : 12 Place des Artisans, 33000 Bordeaux, France<br> Email : <a>contact@placeboots.fr<\/a><br>T\u00e9l\u00e9phone : +33 5 00 00 00 00<br>Service client : Lundi au Vendredi \u2014 9h \u00e0 18h<\/p>\n\n\n\n<p><\/p>\n\n\n\n<h2 class=\"wp-block-heading\">Formulaire de contact<\/h2>\n\n\n\n<p><strong>Nom et Pr\u00e9nom<\/strong>*<br>[ _______________________________________ ]<\/p>\n\n\n\n<p><strong>Adresse email<\/strong>*<br>[ _______________________________________ ]<\/p>\n\n\n\n<p><strong>Ville \/ Pays<\/strong><br>[ _______________________________________ ]<\/p>\n\n\n\n<p><strong>Comment avez-vous d\u00e9couvert Place Boots ?<\/strong><br>\u2610 Instagram<br>\u2610 Recommandation<br>\u2610 Recherche en ligne<br>\u2610 Presse \/ Blog<br>\u2610 Autre<\/p>\n\n\n\n<p><strong>Quel style vous correspond le plus ?<\/strong><br>\u2610 \u00c9l\u00e9gant intemporel<br>\u2610 Urbain moderne<br>\u2610 Minimaliste chic<br>\u2610 Audacieux affirm\u00e9<\/p>\n\n\n\n<p><strong>\u00c0 quelle occasion porteriez-vous nos bottes ?<\/strong><br>\u2610 Quotidien<br>\u2610 Travail<br>\u2610 Sorties \/ \u00c9v\u00e9nements<br>\u2610 Voyages<\/p>\n\n\n\n<p><strong>Votre message<\/strong>*<br>[<br>Parlez-nous de vous, de votre style ou de votre demande\u2026<\/p>\n\n\n\n<hr class=\"wp-block-separator has-alpha-channel-opacity\"\/>\n\n\n\n<hr class=\"wp-block-separator has-alpha-channel-opacity\"\/>\n\n\n\n<p>]<\/p>\n\n\n\n<p>\u2610 J\u2019accepte la politique de confidentialit\u00e9 et le traitement de mes donn\u00e9es personnelles.<\/p>\n\n\n\n<p><\/p>\n\n\n\n<p><\/p>\n\n\n\n<p><\/p>\n\n\n\n<p><\/p>\n\n\n\n<p><\/p>\n\n\n\n<p>\u2610 J\u2019accepte la politique de confidentialit\u00e9 et le traitement de mes donn\u00e9es personnelles.<\/p>\n\n\n\n<h3 class=\"wp-block-heading\"><\/h3>\n\n\n\n<p><\/p>\n","protected":false},"excerpt":{"rendered":"<p>Une question ? Notre \u00e9quipe vous r\u00e9pond. Chez Place Boots, chaque message compte.Que ce soit pour une question , un [&hellip;]<\/p>\n","protected":false},"author":1,"featured_media":0,"parent":0,"menu_order":0,"comment_status":"closed","ping_status":"closed","template":"","meta":{"_uag_custom_page_level_css":"","site-sidebar-layout":"default","site-content-layout":"","ast-site-content-layout":"default","site-content-style":"default","site-sidebar-style":"default","ast-global-header-display":"","ast-banner-title-visibility":"","ast-main-header-display":"","ast-hfb-above-header-display":"","ast-hfb-below-header-display":"","ast-hfb-mobile-header-display":"","site-post-title":"","ast-breadcrumbs-content":"","ast-featured-img":"","footer-sml-layout":"","ast-disable-related-posts":"","theme-transparent-header-meta":"","adv-header-id-meta":"","stick-header-meta":"","header-above-stick-meta":"","header-main-stick-meta":"","header-below-stick-meta":"","astra-migrate-meta-layouts":"default","ast-page-background-enabled":"default","ast-page-background-meta":{"desktop":{"background-color":"var(--ast-global-color-5)","background-image":"","background-repeat":"repeat","background-position":"center center","background-size":"auto","background-attachment":"scroll","background-type":"","background-media":"","overlay-type":"","overlay-color":"","overlay-opacity":"","overlay-gradient":""},"tablet":{"background-color":"","background-image":"","background-repeat":"repeat","background-position":"center center","background-size":"auto","background-attachment":"scroll","background-type":"","background-media":"","overlay-type":"","overlay-color":"","overlay-opacity":"","overlay-gradient":""},"mobile":{"background-color":"","background-image":"","background-repeat":"repeat","background-position":"center center","background-size":"auto","background-attachment":"scroll","background-type":"","background-media":"","overlay-type":"","overlay-color":"","overlay-opacity":"","overlay-gradient":""}},"ast-content-background-meta":{"desktop":{"background-color":"var(--ast-global-color-4)","background-image":"","background-repeat":"repeat","background-position":"center center","background-size":"auto","background-attachment":"scroll","background-type":"","background-media":"","overlay-type":"","overlay-color":"","overlay-opacity":"","overlay-gradient":""},"tablet":{"background-color":"var(--ast-global-color-4)","background-image":"","background-repeat":"repeat","background-position":"center center","background-size":"auto","background-attachment":"scroll","background-type":"","background-media":"","overlay-type":"","overlay-color":"","overlay-opacity":"","overlay-gradient":""},"mobile":{"background-color":"var(--ast-global-color-4)","background-image":"","background-repeat":"repeat","background-position":"center center","background-size":"auto","background-attachment":"scroll","background-type":"","background-media":"","overlay-type":"","overlay-color":"","overlay-opacity":"","overlay-gradient":""}},"footnotes":""},"class_list":["post-44","page","type-page","status-publish","hentry"],"yoast_head":"<!-- This site is optimized with the Yoast SEO plugin v27.0 - https:\/\/yoast.com\/product\/yoast-seo-wordpress\/ -->\n<title>Contact - Place Boots<\/title>\n<meta name=\"robots\" content=\"index, follow, max-snippet:-1, max-image-preview:large, max-video-preview:-1\" \/>\n<link rel=\"canonical\" href=\"https:\/\/site26.monsitecommeunpro.fr\/?page_id=44\" \/>\n<meta property=\"og:locale\" content=\"fr_FR\" \/>\n<meta property=\"og:type\" content=\"article\" \/>\n<meta property=\"og:title\" content=\"Contact - Place Boots\" \/>\n<meta property=\"og:description\" content=\"Une question ? Notre \u00e9quipe vous r\u00e9pond. Chez Place Boots, chaque message compte.Que ce soit pour une question , un [&hellip;]\" \/>\n<meta property=\"og:url\" content=\"https:\/\/site26.monsitecommeunpro.fr\/?page_id=44\" \/>\n<meta property=\"og:site_name\" content=\"Place Boots\" \/>\n<meta property=\"article:modified_time\" content=\"2026-03-04T08:32:29+00:00\" \/>\n<meta name=\"twitter:card\" content=\"summary_large_image\" \/>\n<meta name=\"twitter:label1\" content=\"Dur\u00e9e de lecture estim\u00e9e\" \/>\n\t<meta name=\"twitter:data1\" content=\"1 minute\" \/>\n<script type=\"application\/ld+json\" class=\"yoast-schema-graph\">{\"@context\":\"https:\/\/schema.org\",\"@graph\":[{\"@type\":\"WebPage\",\"@id\":\"https:\/\/site26.monsitecommeunpro.fr\/?page_id=44\",\"url\":\"https:\/\/site26.monsitecommeunpro.fr\/?page_id=44\",\"name\":\"Contact - Place Boots\",\"isPartOf\":{\"@id\":\"https:\/\/site26.monsitecommeunpro.fr\/#website\"},\"datePublished\":\"2026-03-02T08:33:34+00:00\",\"dateModified\":\"2026-03-04T08:32:29+00:00\",\"breadcrumb\":{\"@id\":\"https:\/\/site26.monsitecommeunpro.fr\/?page_id=44#breadcrumb\"},\"inLanguage\":\"fr-FR\",\"potentialAction\":[{\"@type\":\"ReadAction\",\"target\":[\"https:\/\/site26.monsitecommeunpro.fr\/?page_id=44\"]}]},{\"@type\":\"BreadcrumbList\",\"@id\":\"https:\/\/site26.monsitecommeunpro.fr\/?page_id=44#breadcrumb\",\"itemListElement\":[{\"@type\":\"ListItem\",\"position\":1,\"name\":\"Accueil\",\"item\":\"https:\/\/site26.monsitecommeunpro.fr\/\"},{\"@type\":\"ListItem\",\"position\":2,\"name\":\"Contact\"}]},{\"@type\":\"WebSite\",\"@id\":\"https:\/\/site26.monsitecommeunpro.fr\/#website\",\"url\":\"https:\/\/site26.monsitecommeunpro.fr\/\",\"name\":\"Place Boots\",\"description\":\"\",\"publisher\":{\"@id\":\"https:\/\/site26.monsitecommeunpro.fr\/#organization\"},\"potentialAction\":[{\"@type\":\"SearchAction\",\"target\":{\"@type\":\"EntryPoint\",\"urlTemplate\":\"https:\/\/site26.monsitecommeunpro.fr\/?s={search_term_string}\"},\"query-input\":{\"@type\":\"PropertyValueSpecification\",\"valueRequired\":true,\"valueName\":\"search_term_string\"}}],\"inLanguage\":\"fr-FR\"},{\"@type\":\"Organization\",\"@id\":\"https:\/\/site26.monsitecommeunpro.fr\/#organization\",\"name\":\"Place Boots\",\"url\":\"https:\/\/site26.monsitecommeunpro.fr\/\",\"logo\":{\"@type\":\"ImageObject\",\"inLanguage\":\"fr-FR\",\"@id\":\"https:\/\/site26.monsitecommeunpro.fr\/#\/schema\/logo\/image\/\",\"url\":\"https:\/\/site26.monsitecommeunpro.fr\/wp-content\/uploads\/2026\/03\/cropped-cropped-Logo-site-2.png\",\"contentUrl\":\"https:\/\/site26.monsitecommeunpro.fr\/wp-content\/uploads\/2026\/03\/cropped-cropped-Logo-site-2.png\",\"width\":961,\"height\":865,\"caption\":\"Place Boots\"},\"image\":{\"@id\":\"https:\/\/site26.monsitecommeunpro.fr\/#\/schema\/logo\/image\/\"}}]}<\/script>\n<!-- \/ Yoast SEO plugin. -->","yoast_head_json":{"title":"Contact - Place Boots","robots":{"index":"index","follow":"follow","max-snippet":"max-snippet:-1","max-image-preview":"max-image-preview:large","max-video-preview":"max-video-preview:-1"},"canonical":"https:\/\/site26.monsitecommeunpro.fr\/?page_id=44","og_locale":"fr_FR","og_type":"article","og_title":"Contact - Place Boots","og_description":"Une question ? Notre \u00e9quipe vous r\u00e9pond. Chez Place Boots, chaque message compte.Que ce soit pour une question , un [&hellip;]","og_url":"https:\/\/site26.monsitecommeunpro.fr\/?page_id=44","og_site_name":"Place Boots","article_modified_time":"2026-03-04T08:32:29+00:00","twitter_card":"summary_large_image","twitter_misc":{"Dur\u00e9e de lecture estim\u00e9e":"1 minute"},"schema":{"@context":"https:\/\/schema.org","@graph":[{"@type":"WebPage","@id":"https:\/\/site26.monsitecommeunpro.fr\/?page_id=44","url":"https:\/\/site26.monsitecommeunpro.fr\/?page_id=44","name":"Contact - Place Boots","isPartOf":{"@id":"https:\/\/site26.monsitecommeunpro.fr\/#website"},"datePublished":"2026-03-02T08:33:34+00:00","dateModified":"2026-03-04T08:32:29+00:00","breadcrumb":{"@id":"https:\/\/site26.monsitecommeunpro.fr\/?page_id=44#breadcrumb"},"inLanguage":"fr-FR","potentialAction":[{"@type":"ReadAction","target":["https:\/\/site26.monsitecommeunpro.fr\/?page_id=44"]}]},{"@type":"BreadcrumbList","@id":"https:\/\/site26.monsitecommeunpro.fr\/?page_id=44#breadcrumb","itemListElement":[{"@type":"ListItem","position":1,"name":"Accueil","item":"https:\/\/site26.monsitecommeunpro.fr\/"},{"@type":"ListItem","position":2,"name":"Contact"}]},{"@type":"WebSite","@id":"https:\/\/site26.monsitecommeunpro.fr\/#website","url":"https:\/\/site26.monsitecommeunpro.fr\/","name":"Place Boots","description":"","publisher":{"@id":"https:\/\/site26.monsitecommeunpro.fr\/#organization"},"potentialAction":[{"@type":"SearchAction","target":{"@type":"EntryPoint","urlTemplate":"https:\/\/site26.monsitecommeunpro.fr\/?s={search_term_string}"},"query-input":{"@type":"PropertyValueSpecification","valueRequired":true,"valueName":"search_term_string"}}],"inLanguage":"fr-FR"},{"@type":"Organization","@id":"https:\/\/site26.monsitecommeunpro.fr\/#organization","name":"Place Boots","url":"https:\/\/site26.monsitecommeunpro.fr\/","logo":{"@type":"ImageObject","inLanguage":"fr-FR","@id":"https:\/\/site26.monsitecommeunpro.fr\/#\/schema\/logo\/image\/","url":"https:\/\/site26.monsitecommeunpro.fr\/wp-content\/uploads\/2026\/03\/cropped-cropped-Logo-site-2.png","contentUrl":"https:\/\/site26.monsitecommeunpro.fr\/wp-content\/uploads\/2026\/03\/cropped-cropped-Logo-site-2.png","width":961,"height":865,"caption":"Place Boots"},"image":{"@id":"https:\/\/site26.monsitecommeunpro.fr\/#\/schema\/logo\/image\/"}}]}},"uagb_featured_image_src":{"full":false,"thumbnail":false,"medium":false,"medium_large":false,"large":false,"1536x1536":false,"2048x2048":false},"uagb_author_info":{"display_name":"admin","author_link":"https:\/\/site26.monsitecommeunpro.fr\/?author=1"},"uagb_comment_info":0,"uagb_excerpt":"Une question ? Notre \u00e9quipe vous r\u00e9pond. Chez Place Boots, chaque message compte.Que ce soit pour une question , un [&hellip;]","_links":{"self":[{"href":"https:\/\/site26.monsitecommeunpro.fr\/index.php?rest_route=\/wp\/v2\/pages\/44","targetHints":{"allow":["GET"]}}],"collection":[{"href":"https:\/\/site26.monsitecommeunpro.fr\/index.php?rest_route=\/wp\/v2\/pages"}],"about":[{"href":"https:\/\/site26.monsitecommeunpro.fr\/index.php?rest_route=\/wp\/v2\/types\/page"}],"author":[{"embeddable":true,"href":"https:\/\/site26.monsitecommeunpro.fr\/index.php?rest_route=\/wp\/v2\/users\/1"}],"replies":[{"embeddable":true,"href":"https:\/\/site26.monsitecommeunpro.fr\/index.php?rest_route=%2Fwp%2Fv2%2Fcomments&post=44"}],"version-history":[{"count":3,"href":"https:\/\/site26.monsitecommeunpro.fr\/index.php?rest_route=\/wp\/v2\/pages\/44\/revisions"}],"predecessor-version":[{"id":131,"href":"https:\/\/site26.monsitecommeunpro.fr\/index.php?rest_route=\/wp\/v2\/pages\/44\/revisions\/131"}],"wp:attachment":[{"href":"https:\/\/site26.monsitecommeunpro.fr\/index.php?rest_route=%2Fwp%2Fv2%2Fmedia&parent=44"}],"curies":[{"name":"wp","href":"https:\/\/api.w.org\/{rel}","templated":true}]}}